{"id":1115,"date":"2021-02-03T10:46:35","date_gmt":"2021-02-03T15:46:35","guid":{"rendered":"http:\/\/www.clinicalatino.med.ec\/www\/?page_id=1115"},"modified":"2025-09-29T16:36:22","modified_gmt":"2025-09-29T21:36:22","slug":"quienes-somos","status":"publish","type":"page","link":"https:\/\/www.clinicalatino.med.ec\/www\/quienes-somos\/","title":{"rendered":"Quienes somos"},"content":{"rendered":"<p>CLINICA LATINO surgi\u00f3 el 4 de febrero de 1957, como la primera cl\u00ednica de Cuenca y el austro del Ecuador, fundada por el Dr. Rub\u00e9n Astudillo Quintanilla, junto con un grupo de m\u00e9dicos especializados en el exterior entre ellos Miguel Molina Calle, Miguel Tenorio M\u00e1rquez, Jaime Ar\u00edzaga Bravo, entre otros.<\/p>\n<p>Primero \u201cCl\u00ednica Santa Clara\u201d, despu\u00e9s Hospital Latinoamericano y hoy CLINICA LATINO, son 3 nombres y una sola realizaci\u00f3n a trav\u00e9s de muchos a\u00f1os de trabajo, estudio, m\u00edstica, \u00e9tica y moral profesional indeclinables d\u00eda tras d\u00edas.<\/p>\n<p>CLINICA LATINO siempre marc\u00f3 hitos importantes en la historia de la medicina cuencana, siendo el primer centro hospitalario en poseer todo el instrumental y equipo m\u00e9dico de Endoscop\u00eda (Laparoscop\u00eda, Toracoxc\u00f3pica, Urolog\u00eda, Traumatolog\u00eda, etc.) En 1991 fue el pionero en el pa\u00eds en realizar intervenciones quir\u00fargicas m\u00ednimas invasivas para la extirpaci\u00f3n de la ves\u00edcula biliar, ap\u00e9ndice, \u00fatero, ovarios. (Cirug\u00edas Laparosc\u00f3picas)<\/p>\n<h3>Misi\u00f3n<\/h3>\n<p>Proporcionar a la comunidad, dentro de un ambiente de calidez, eficiencia y calidad, las acciones necesarias y oportunas para la recuperaci\u00f3n de la salud, con altos est\u00e1ndares profesionales, investigaci\u00f3n especializada, capacitaci\u00f3n permanente y tecnolog\u00eda de punta sin olvidar los principios y valores de \u00e9tica y profesionalismo de cada uno de sus colaboradores.<\/p>\n<h3>Visi\u00f3n<\/h3>\n<p>Ser los pioneros en el desarrollo institucional en salud en la ciudad de Cuenca, con el reconocimiento Nacional e Internacional.<\/p>\n<h3>Valores institucionales<\/h3>\n<p>Los valores son una pieza clave en CLINICA LATINO, debido a la naturaleza de su actividad, en donde sus integrantes tanto internos como externos se encuentran sometidos a presiones y niveles de estr\u00e9s muy grandes que vuelven a\u00fan m\u00e1s sensibles los niveles de racionalidad y tolerancia de los mismos:<\/p>\n<ul>\n<li>\n<h4>Respeto:<\/h4>\n<p>Se entiende por respeto que todas las personas son iguales y merecen el mejor servicio, por lo que el personal de una entidad de salud debe comprometerse a respetar la dignidad de las personas y atender sus necesidades teniendo en cuenta en todo momento sus derechos.<\/p>\n<\/li>\n<li>\n<h4>Compasi\u00f3n:<\/h4>\n<p>Solidaridad por tomar en nuestras manos los problemas ajenos haci\u00e9ndolos propios; comprensi\u00f3n porque al ponernos en el lugar de los otros, descubrimos el valor de la ayuda desinteresada.<\/p>\n<\/li>\n<li>\n<h4>Empat\u00eda:<\/h4>\n<p>Es la capacidad de todo el personal de ser sociable, de establecer buenas relaciones interpersonales. Este valor nos permite relacionarnos con las personas con facilidad y agrado.<\/p>\n<\/li>\n<li>\n<h4>Integridad:<\/h4>\n<p>Hace de los integrantes de Cl\u00ednica Latino, personas correctas educadas, atentas, probas, \u00e9ticas e intachables.<\/p>\n<\/li>\n<li>\n<h4>Altruismo:<\/h4>\n<p>Hacer el bien a los dem\u00e1s, a\u00fan a costa del provecho propio.<\/p>\n<\/li>\n<li>\n<h4>Honestidad:<\/h4>\n<p>Es la conducta recta, honrada que lleva a observar normas y compromisos as\u00ed como actuar con la verdad, lo que denota sinceridad y correspondencia entre lo que se hace, lo que se piensa, lo que se dice o se ha dicho.<\/p>\n<\/li>\n<li>\n<h4>Innovaci\u00f3n:<\/h4>\n<p>Aplicar nuevas ideas, m\u00e9todos, tecnolog\u00edas o formas de trabajo para mejorar la atenci\u00f3n m\u00e9dica, la experiencia del paciente y la gesti\u00f3n interna.<\/p>\n<\/li>\n<li>\n<h4>Profesionalismo:<\/h4>\n<p>Se refiere a la responsabilidad, seriedad, constancia, involucramiento, entrega, dedicaci\u00f3n y esmero que cada integrante del equipo de trabajo de Cl\u00ednica Latino debe imprimir a sus funciones y tareas buscando sumarse a la misi\u00f3n institucional.<\/p>\n<\/li>\n<\/ul>\n\n\n<figure class=\"wp-block-image size-large is-resized\"><a href=\"https:\/\/i0.wp.com\/www.clinicalatino.med.ec\/www\/wp-content\/uploads\/2025\/09\/a.jpg?ssl=1\"><img loading=\"lazy\" decoding=\"async\" width=\"838\" height=\"1024\" data-attachment-id=\"1740\" data-permalink=\"https:\/\/www.clinicalatino.med.ec\/www\/quienes-somos\/a\/\" data-orig-file=\"https:\/\/i0.wp.com\/www.clinicalatino.med.ec\/www\/wp-content\/uploads\/2025\/09\/a.jpg?fit=1218%2C1488&amp;ssl=1\" data-orig-size=\"1218,1488\" data-comments-opened=\"1\" data-image-meta=\"{&quot;aperture&quot;:&quot;0&quot;,&quot;credit&quot;:&quot;&quot;,&quot;camera&quot;:&quot;&quot;,&quot;caption&quot;:&quot;&quot;,&quot;created_timestamp&quot;:&quot;0&quot;,&quot;copyright&quot;:&quot;&quot;,&quot;focal_length&quot;:&quot;0&quot;,&quot;iso&quot;:&quot;0&quot;,&quot;shutter_speed&quot;:&quot;0&quot;,&quot;title&quot;:&quot;&quot;,&quot;orientation&quot;:&quot;0&quot;}\" data-image-title=\"a\" data-image-description=\"\" data-image-caption=\"\" data-medium-file=\"https:\/\/i0.wp.com\/www.clinicalatino.med.ec\/www\/wp-content\/uploads\/2025\/09\/a.jpg?fit=246%2C300&amp;ssl=1\" data-large-file=\"https:\/\/i0.wp.com\/www.clinicalatino.med.ec\/www\/wp-content\/uploads\/2025\/09\/a.jpg?fit=838%2C1024&amp;ssl=1\" tabindex=\"0\" role=\"button\" src=\"https:\/\/i0.wp.com\/www.clinicalatino.med.ec\/www\/wp-content\/uploads\/2025\/09\/a.jpg?resize=838%2C1024&#038;ssl=1\" alt=\"\" class=\"wp-image-1740\" style=\"width:502px;height:auto\" srcset=\"https:\/\/i0.wp.com\/www.clinicalatino.med.ec\/www\/wp-content\/uploads\/2025\/09\/a.jpg?resize=838%2C1024&amp;ssl=1 838w, https:\/\/i0.wp.com\/www.clinicalatino.med.ec\/www\/wp-content\/uploads\/2025\/09\/a.jpg?resize=246%2C300&amp;ssl=1 246w, https:\/\/i0.wp.com\/www.clinicalatino.med.ec\/www\/wp-content\/uploads\/2025\/09\/a.jpg?resize=768%2C938&amp;ssl=1 768w, https:\/\/i0.wp.com\/www.clinicalatino.med.ec\/www\/wp-content\/uploads\/2025\/09\/a.jpg?resize=732%2C894&amp;ssl=1 732w, https:\/\/i0.wp.com\/www.clinicalatino.med.ec\/www\/wp-content\/uploads\/2025\/09\/a.jpg?resize=1140%2C1393&amp;ssl=1 1140w, https:\/\/i0.wp.com\/www.clinicalatino.med.ec\/www\/wp-content\/uploads\/2025\/09\/a.jpg?w=1218&amp;ssl=1 1218w\" sizes=\"(max-width: 838px) 100vw, 838px\" data-recalc-dims=\"1\" \/><\/a><\/figure>\n","protected":false},"excerpt":{"rendered":"<p>CLINICA LATINO surgi\u00f3 el 4 de febrero de 1957, como la primera cl\u00ednica de Cuenca y el austro del Ecuador, fundada por el Dr. Rub\u00e9n Astudillo Quintanilla, junto con un grupo de m\u00e9dicos especializados en el exterior entre ellos Miguel Molina Calle, Miguel Tenorio M\u00e1rquez, Jaime Ar\u00edzaga Bravo, entre otros. Primero \u201cCl\u00ednica Santa Clara\u201d, despu\u00e9s [&hellip;]<\/p>\n","protected":false},"author":5,"featured_media":0,"parent":0,"menu_order":2,"comment_status":"closed","ping_status":"closed","template":"fullwidth-template.php","meta":{"jetpack_post_was_ever_published":false,"footnotes":""},"class_list":["post-1115","page","type-page","status-publish","hentry"],"jetpack_sharing_enabled":true,"jetpack_shortlink":"https:\/\/wp.me\/P8if3c-hZ","jetpack-related-posts":[],"_links":{"self":[{"href":"https:\/\/www.clinicalatino.med.ec\/www\/wp-json\/wp\/v2\/pages\/1115"}],"collection":[{"href":"https:\/\/www.clinicalatino.med.ec\/www\/wp-json\/wp\/v2\/pages"}],"about":[{"href":"https:\/\/www.clinicalatino.med.ec\/www\/wp-json\/wp\/v2\/types\/page"}],"author":[{"embeddable":true,"href":"https:\/\/www.clinicalatino.med.ec\/www\/wp-json\/wp\/v2\/users\/5"}],"replies":[{"embeddable":true,"href":"https:\/\/www.clinicalatino.med.ec\/www\/wp-json\/wp\/v2\/comments?post=1115"}],"version-history":[{"count":6,"href":"https:\/\/www.clinicalatino.med.ec\/www\/wp-json\/wp\/v2\/pages\/1115\/revisions"}],"predecessor-version":[{"id":1762,"href":"https:\/\/www.clinicalatino.med.ec\/www\/wp-json\/wp\/v2\/pages\/1115\/revisions\/1762"}],"wp:attachment":[{"href":"https:\/\/www.clinicalatino.med.ec\/www\/wp-json\/wp\/v2\/media?parent=1115"}],"curies":[{"name":"wp","href":"https:\/\/api.w.org\/{rel}","templated":true}]}}