{"id":1612,"date":"2024-10-07T10:51:55","date_gmt":"2024-10-07T15:51:55","guid":{"rendered":"https:\/\/www.clinicalatino.med.ec\/www\/?page_id=1612"},"modified":"2024-10-07T11:15:26","modified_gmt":"2024-10-07T16:15:26","slug":"alimentos-saludables","status":"publish","type":"page","link":"https:\/\/www.clinicalatino.med.ec\/www\/alimentos-saludables\/","title":{"rendered":"ALIMENTOS SALUDABLES"},"content":{"rendered":"\n<div class=\"wp-block-columns is-layout-flex wp-container-core-columns-is-layout-1 wp-block-columns-is-layout-flex\">\n<div class=\"wp-block-column is-layout-flow wp-block-column-is-layout-flow\">\n<figure class=\"wp-block-image size-large\"><a href=\"https:\/\/i0.wp.com\/www.clinicalatino.med.ec\/www\/wp-content\/uploads\/2024\/10\/alimentos-web-2-2.jpg?ssl=1\"><img loading=\"lazy\" decoding=\"async\" width=\"1024\" height=\"576\" data-attachment-id=\"1631\" data-permalink=\"https:\/\/www.clinicalatino.med.ec\/www\/alimentos-saludables\/alimentos-web-2-3\/\" data-orig-file=\"https:\/\/i0.wp.com\/www.clinicalatino.med.ec\/www\/wp-content\/uploads\/2024\/10\/alimentos-web-2-2.jpg?fit=1950%2C1096&amp;ssl=1\" data-orig-size=\"1950,1096\" data-comments-opened=\"1\" data-image-meta=\"{&quot;aperture&quot;:&quot;0&quot;,&quot;credit&quot;:&quot;&quot;,&quot;camera&quot;:&quot;&quot;,&quot;caption&quot;:&quot;&quot;,&quot;created_timestamp&quot;:&quot;0&quot;,&quot;copyright&quot;:&quot;&quot;,&quot;focal_length&quot;:&quot;0&quot;,&quot;iso&quot;:&quot;0&quot;,&quot;shutter_speed&quot;:&quot;0&quot;,&quot;title&quot;:&quot;&quot;,&quot;orientation&quot;:&quot;0&quot;}\" data-image-title=\"alimentos-web-2\" data-image-description=\"\" data-image-caption=\"\" data-medium-file=\"https:\/\/i0.wp.com\/www.clinicalatino.med.ec\/www\/wp-content\/uploads\/2024\/10\/alimentos-web-2-2.jpg?fit=300%2C169&amp;ssl=1\" data-large-file=\"https:\/\/i0.wp.com\/www.clinicalatino.med.ec\/www\/wp-content\/uploads\/2024\/10\/alimentos-web-2-2.jpg?fit=1024%2C576&amp;ssl=1\" tabindex=\"0\" role=\"button\" src=\"https:\/\/i0.wp.com\/www.clinicalatino.med.ec\/www\/wp-content\/uploads\/2024\/10\/alimentos-web-2-2.jpg?resize=1024%2C576&#038;ssl=1\" alt=\"\" class=\"wp-image-1631\" srcset=\"https:\/\/i0.wp.com\/www.clinicalatino.med.ec\/www\/wp-content\/uploads\/2024\/10\/alimentos-web-2-2.jpg?resize=1024%2C576&amp;ssl=1 1024w, https:\/\/i0.wp.com\/www.clinicalatino.med.ec\/www\/wp-content\/uploads\/2024\/10\/alimentos-web-2-2.jpg?resize=300%2C169&amp;ssl=1 300w, https:\/\/i0.wp.com\/www.clinicalatino.med.ec\/www\/wp-content\/uploads\/2024\/10\/alimentos-web-2-2.jpg?resize=768%2C432&amp;ssl=1 768w, https:\/\/i0.wp.com\/www.clinicalatino.med.ec\/www\/wp-content\/uploads\/2024\/10\/alimentos-web-2-2.jpg?resize=1536%2C863&amp;ssl=1 1536w, https:\/\/i0.wp.com\/www.clinicalatino.med.ec\/www\/wp-content\/uploads\/2024\/10\/alimentos-web-2-2.jpg?resize=732%2C411&amp;ssl=1 732w, https:\/\/i0.wp.com\/www.clinicalatino.med.ec\/www\/wp-content\/uploads\/2024\/10\/alimentos-web-2-2.jpg?resize=1140%2C641&amp;ssl=1 1140w, https:\/\/i0.wp.com\/www.clinicalatino.med.ec\/www\/wp-content\/uploads\/2024\/10\/alimentos-web-2-2.jpg?w=1950&amp;ssl=1 1950w\" sizes=\"(max-width: 1024px) 100vw, 1024px\" data-recalc-dims=\"1\" \/><\/a><\/figure>\n<\/div>\n\n\n\n<div class=\"wp-block-column is-layout-flow wp-block-column-is-layout-flow\">\n<p>Si el objetivo es agregar m\u00e1s fibra a tu dieta, hay muchas opciones excelentes. Las frutas, verduras, granos, frijoles, guisantes y lentejas te ayudan a alcanzar esa meta diaria de fibra.<\/p>\n\n\n\n<p><\/p>\n<\/div>\n<\/div>\n\n\n\n<p>Si el objetivo es agregar m\u00e1s fibra a tu dieta, hay muchas opciones excelentes. Las frutas, verduras, granos, frijoles, guisantes y lentejas te ayudan a alcanzar esa meta diaria de fibra.<\/p>\n\n\n\n<p>Los alimentos ricos en fibra contienen una mezcla de diferentes tipos de fibra.<\/p>\n\n\n\n<p>Algunos tipos de fibra ayudan a que las heces se muevan por el intestino grueso.<br>Otros tipos de fibra ayudan a que la persona se sienta satisfecha por m\u00e1s tiempo, lo que puede reducir la cantidad total de calor\u00edas consumidas y ayudar a controlar el peso.<br>Adem\u00e1s, una dieta rica en fibra diet\u00e9tica en general se ha relacionado con niveles m\u00e1s bajos de enfermedades card\u00edacas.<\/p>\n\n\n\n<p><strong>Alimentos ricos en fibra que no pueden faltar en tu dieta:<\/strong><\/p>\n\n\n\n<div class=\"wp-block-columns is-layout-flex wp-container-core-columns-is-layout-2 wp-block-columns-is-layout-flex\">\n<div class=\"wp-block-column is-layout-flow wp-block-column-is-layout-flow\">\n<h3 class=\"wp-block-heading\"><strong>1. Frutas:<\/strong><\/h3>\n\n\n\n<ul class=\"wp-block-list\">\n<li><strong>Manzanas<\/strong> (con c\u00e1scara)<\/li>\n\n\n\n<li><strong>Peras<\/strong> (con c\u00e1scara)<\/li>\n\n\n\n<li><strong>Frambuesas<\/strong><\/li>\n\n\n\n<li><strong>Fresas<\/strong><\/li>\n\n\n\n<li><strong>Naranjas<\/strong><\/li>\n\n\n\n<li><strong>Bananas<\/strong><\/li>\n\n\n\n<li><strong>Mangos<\/strong><\/li>\n\n\n\n<li><strong>Higos secos<\/strong><\/li>\n\n\n\n<li><strong>Aguacates<\/strong><\/li>\n<\/ul>\n<\/div>\n\n\n\n<div class=\"wp-block-column is-layout-flow wp-block-column-is-layout-flow\">\n<h3 class=\"wp-block-heading\"><strong>2. Verduras:<\/strong><\/h3>\n\n\n\n<ul class=\"wp-block-list\">\n<li><strong>Br\u00f3coli<\/strong><\/li>\n\n\n\n<li><strong>Zanahorias<\/strong><\/li>\n\n\n\n<li><strong>Alcachofas<\/strong><\/li>\n\n\n\n<li><strong>Espinacas<\/strong><\/li>\n\n\n\n<li><strong>Calabaza<\/strong><\/li>\n\n\n\n<li><strong>Guisantes<\/strong> (arvejas)<\/li>\n\n\n\n<li><strong>Col rizada<\/strong> (kale)<\/li>\n\n\n\n<li><strong>Coles de Bruselas<\/strong><\/li>\n\n\n\n<li><strong>Ma\u00edz<\/strong><\/li>\n<\/ul>\n<\/div>\n\n\n\n<div class=\"wp-block-column is-layout-flow wp-block-column-is-layout-flow\">\n<h3 class=\"wp-block-heading\"><strong>3. Legumbres:<\/strong><\/h3>\n\n\n\n<ul class=\"wp-block-list\">\n<li><strong>Lentejas<\/strong><\/li>\n\n\n\n<li><strong>Frijoles negros<\/strong><\/li>\n\n\n\n<li><strong>Garbanzos<\/strong><\/li>\n\n\n\n<li><strong>Alubias blancas<\/strong><\/li>\n\n\n\n<li><strong>Frijoles pintos<\/strong><\/li>\n\n\n\n<li><strong>Habichuelas<\/strong><\/li>\n\n\n\n<li><strong>Edamame<\/strong> (soja verde)<\/li>\n<\/ul>\n<\/div>\n<\/div>\n\n\n\n<div class=\"wp-block-columns is-layout-flex wp-container-core-columns-is-layout-3 wp-block-columns-is-layout-flex\">\n<div class=\"wp-block-column is-layout-flow wp-block-column-is-layout-flow\">\n<h3 class=\"wp-block-heading\"><strong>4. Cereales y Granos:<\/strong><\/h3>\n\n\n\n<ul class=\"wp-block-list\">\n<li><strong>Avena<\/strong><\/li>\n\n\n\n<li><strong>Cebada<\/strong><\/li>\n\n\n\n<li><strong>Arroz integral<\/strong><\/li>\n\n\n\n<li><strong>Quinoa<\/strong><\/li>\n\n\n\n<li><strong>Cusc\u00fas integral<\/strong><\/li>\n\n\n\n<li><strong>Amaranto<\/strong><\/li>\n\n\n\n<li><strong>Mijo<\/strong><\/li>\n<\/ul>\n<\/div>\n\n\n\n<div class=\"wp-block-column is-layout-flow wp-block-column-is-layout-flow\">\n<h3 class=\"wp-block-heading\"><strong>5. Frutos Secos y Semillas:<\/strong><\/h3>\n\n\n\n<ul class=\"wp-block-list\">\n<li><strong>Almendras<\/strong><\/li>\n\n\n\n<li><strong>Nueces<\/strong><\/li>\n\n\n\n<li><strong>Ch\u00eda<\/strong><\/li>\n\n\n\n<li><strong>Lino (linaza)<\/strong><\/li>\n\n\n\n<li><strong>Semillas de calabaza<\/strong><\/li>\n\n\n\n<li><strong>Semillas de girasol<\/strong><\/li>\n<\/ul>\n<\/div>\n\n\n\n<div class=\"wp-block-column is-layout-flow wp-block-column-is-layout-flow\">\n<h3 class=\"wp-block-heading\"><strong>6. Productos integrales:<\/strong><\/h3>\n\n\n\n<ul class=\"wp-block-list\">\n<li><strong>Pan integral<\/strong><\/li>\n\n\n\n<li><strong>Pasta integral<\/strong><\/li>\n\n\n\n<li><strong>Tortillas integrales<\/strong><\/li>\n\n\n\n<li><strong>Galletas de avena o salvado<\/strong><\/li>\n<\/ul>\n<\/div>\n<\/div>\n\n\n\n<div class=\"wp-block-columns is-layout-flex wp-container-core-columns-is-layout-4 wp-block-columns-is-layout-flex\">\n<div class=\"wp-block-column is-layout-flow wp-block-column-is-layout-flow\">\n<h3 class=\"wp-block-heading\"><strong>7. Tub\u00e9rculos:<\/strong><\/h3>\n\n\n\n<ul class=\"wp-block-list\">\n<li><strong>Batatas (camote)<\/strong><\/li>\n\n\n\n<li><strong>Papas<\/strong> (con c\u00e1scara)<\/li>\n\n\n\n<li><strong>Yuca<\/strong><\/li>\n<\/ul>\n<\/div>\n\n\n\n<div class=\"wp-block-column is-layout-flow wp-block-column-is-layout-flow\">\n<h3 class=\"wp-block-heading\"><strong>8. Otros:<\/strong><\/h3>\n\n\n\n<ul class=\"wp-block-list\">\n<li><strong>Palomitas de ma\u00edz<\/strong> (sin mantequilla ni aceite)<\/li>\n\n\n\n<li><strong>Pasas<\/strong> (frutas deshidratadas)<\/li>\n<\/ul>\n<\/div>\n<\/div>\n\n\n\n<p>Estos alimentos son ricos en fibra soluble e insoluble, ayudando a mejorar la salud digestiva, reducir el colesterol y controlar los niveles de az\u00facar en sangre. La cantidad recomendada de fibra diaria depende de tu edad y de cu\u00e1ntas calor\u00edas consumes cada d\u00eda.<\/p>\n\n\n\n<p>Las pautas diet\u00e9ticas actuales sugieren que las personas de 2 a\u00f1os en adelante obtengan 14 gramos de fibra por cada 1,000 calor\u00edas en su dieta diaria. Para los ni\u00f1os de 12 a 23 meses, las pautas sugieren consumir 19 gramos de fibra al d\u00eda.<\/p>\n\n\n\n<p>Ten en cuenta lo siguiente:<\/p>\n\n\n\n<p>Revisa la etiqueta: Al comprar alimentos envasados, revisa la etiqueta de Informaci\u00f3n Nutricional para ver el contenido de fibra, ya que puede variar entre marcas.<br>Comienza despacio: Agregar demasiada fibra r\u00e1pidamente puede provocar gases intestinales, diarrea, calambres e hinchaz\u00f3n. Considera aumentar gradualmente tu consumo de fibra a lo largo de unas semanas.<br>Bebe l\u00edquidos: A medida que consumes m\u00e1s fibra, recuerda beber suficientes l\u00edquidos. Algunas fibras funcionan mejor cuando absorben agua, por lo que estar bien hidratado puede ayudar a prevenir movimientos intestinales inc\u00f3modos.<\/p>\n\n\n\n<p><\/p>\n","protected":false},"excerpt":{"rendered":"<p>Si el objetivo es agregar m\u00e1s fibra a tu dieta, hay muchas opciones excelentes. Las frutas, verduras, granos, frijoles, guisantes y lentejas te ayudan a alcanzar esa meta diaria de fibra. Si el objetivo es agregar m\u00e1s fibra a tu dieta, hay muchas opciones excelentes. Las frutas, verduras, granos, frijoles, guisantes y lentejas te ayudan [&hellip;]<\/p>\n","protected":false},"author":6,"featured_media":0,"parent":0,"menu_order":0,"comment_status":"closed","ping_status":"closed","template":"","meta":{"jetpack_post_was_ever_published":false,"footnotes":""},"class_list":["post-1612","page","type-page","status-publish","hentry"],"jetpack_sharing_enabled":true,"jetpack_shortlink":"https:\/\/wp.me\/P8if3c-q0","jetpack-related-posts":[],"_links":{"self":[{"href":"https:\/\/www.clinicalatino.med.ec\/www\/wp-json\/wp\/v2\/pages\/1612"}],"collection":[{"href":"https:\/\/www.clinicalatino.med.ec\/www\/wp-json\/wp\/v2\/pages"}],"about":[{"href":"https:\/\/www.clinicalatino.med.ec\/www\/wp-json\/wp\/v2\/types\/page"}],"author":[{"embeddable":true,"href":"https:\/\/www.clinicalatino.med.ec\/www\/wp-json\/wp\/v2\/users\/6"}],"replies":[{"embeddable":true,"href":"https:\/\/www.clinicalatino.med.ec\/www\/wp-json\/wp\/v2\/comments?post=1612"}],"version-history":[{"count":5,"href":"https:\/\/www.clinicalatino.med.ec\/www\/wp-json\/wp\/v2\/pages\/1612\/revisions"}],"predecessor-version":[{"id":1632,"href":"https:\/\/www.clinicalatino.med.ec\/www\/wp-json\/wp\/v2\/pages\/1612\/revisions\/1632"}],"wp:attachment":[{"href":"https:\/\/www.clinicalatino.med.ec\/www\/wp-json\/wp\/v2\/media?parent=1612"}],"curies":[{"name":"wp","href":"https:\/\/api.w.org\/{rel}","templated":true}]}}