{"id":1614,"date":"2024-10-07T10:41:09","date_gmt":"2024-10-07T15:41:09","guid":{"rendered":"https:\/\/www.clinicalatino.med.ec\/www\/?page_id=1614"},"modified":"2024-12-09T13:00:35","modified_gmt":"2024-12-09T18:00:35","slug":"info-latino","status":"publish","type":"page","link":"https:\/\/www.clinicalatino.med.ec\/www\/info-latino\/","title":{"rendered":"Info Latino"},"content":{"rendered":"\n<div class=\"wp-block-columns is-layout-flex wp-container-core-columns-is-layout-1 wp-block-columns-is-layout-flex\">\n<div class=\"wp-block-column is-layout-flow wp-block-column-is-layout-flow\">\n<figure class=\"wp-block-image size-large is-resized\"><a href=\"https:\/\/www.clinicalatino.med.ec\/www\/alimentos-saludables\/\"><img loading=\"lazy\" decoding=\"async\" width=\"1024\" height=\"1024\" data-attachment-id=\"1621\" data-permalink=\"https:\/\/www.clinicalatino.med.ec\/www\/info-latino\/alimentos-web\/\" data-orig-file=\"https:\/\/i0.wp.com\/www.clinicalatino.med.ec\/www\/wp-content\/uploads\/2024\/10\/alimentos-web.jpg?fit=1200%2C1200&amp;ssl=1\" data-orig-size=\"1200,1200\" data-comments-opened=\"1\" data-image-meta=\"{&quot;aperture&quot;:&quot;0&quot;,&quot;credit&quot;:&quot;&quot;,&quot;camera&quot;:&quot;&quot;,&quot;caption&quot;:&quot;&quot;,&quot;created_timestamp&quot;:&quot;0&quot;,&quot;copyright&quot;:&quot;&quot;,&quot;focal_length&quot;:&quot;0&quot;,&quot;iso&quot;:&quot;0&quot;,&quot;shutter_speed&quot;:&quot;0&quot;,&quot;title&quot;:&quot;&quot;,&quot;orientation&quot;:&quot;0&quot;}\" data-image-title=\"alimentos-web\" data-image-description=\"\" data-image-caption=\"\" data-medium-file=\"https:\/\/i0.wp.com\/www.clinicalatino.med.ec\/www\/wp-content\/uploads\/2024\/10\/alimentos-web.jpg?fit=300%2C300&amp;ssl=1\" data-large-file=\"https:\/\/i0.wp.com\/www.clinicalatino.med.ec\/www\/wp-content\/uploads\/2024\/10\/alimentos-web.jpg?fit=1024%2C1024&amp;ssl=1\" tabindex=\"0\" role=\"button\" src=\"https:\/\/i0.wp.com\/www.clinicalatino.med.ec\/www\/wp-content\/uploads\/2024\/10\/alimentos-web.jpg?resize=1024%2C1024&#038;ssl=1\" alt=\"\" class=\"wp-image-1621\" style=\"width:245px;height:auto\" srcset=\"https:\/\/i0.wp.com\/www.clinicalatino.med.ec\/www\/wp-content\/uploads\/2024\/10\/alimentos-web.jpg?resize=1024%2C1024&amp;ssl=1 1024w, https:\/\/i0.wp.com\/www.clinicalatino.med.ec\/www\/wp-content\/uploads\/2024\/10\/alimentos-web.jpg?resize=300%2C300&amp;ssl=1 300w, https:\/\/i0.wp.com\/www.clinicalatino.med.ec\/www\/wp-content\/uploads\/2024\/10\/alimentos-web.jpg?resize=150%2C150&amp;ssl=1 150w, https:\/\/i0.wp.com\/www.clinicalatino.med.ec\/www\/wp-content\/uploads\/2024\/10\/alimentos-web.jpg?resize=768%2C768&amp;ssl=1 768w, https:\/\/i0.wp.com\/www.clinicalatino.med.ec\/www\/wp-content\/uploads\/2024\/10\/alimentos-web.jpg?resize=732%2C732&amp;ssl=1 732w, https:\/\/i0.wp.com\/www.clinicalatino.med.ec\/www\/wp-content\/uploads\/2024\/10\/alimentos-web.jpg?resize=1140%2C1140&amp;ssl=1 1140w, https:\/\/i0.wp.com\/www.clinicalatino.med.ec\/www\/wp-content\/uploads\/2024\/10\/alimentos-web.jpg?resize=130%2C130&amp;ssl=1 130w, https:\/\/i0.wp.com\/www.clinicalatino.med.ec\/www\/wp-content\/uploads\/2024\/10\/alimentos-web.jpg?w=1200&amp;ssl=1 1200w\" sizes=\"(max-width: 1024px) 100vw, 1024px\" data-recalc-dims=\"1\" \/><\/a><\/figure>\n<\/div>\n\n\n\n<div class=\"wp-block-column is-layout-flow wp-block-column-is-layout-flow\">\n<h2 class=\"wp-block-heading\"><a href=\"https:\/\/www.clinicalatino.med.ec\/www\/alimentos-saludables\/\">Alimentos que mejoran tu salud.<\/a><\/h2>\n\n\n\n<p>La fibra ayuda a mejorar la digesti\u00f3n, mantener niveles saludables de az\u00facar en sangre y controlar el apetito.<\/p>\n\n\n\n<p><a href=\"https:\/\/www.clinicalatino.med.ec\/www\/alimentos-saludables\/\">Conoce m\u00e1s.<\/a><\/p>\n<\/div>\n<\/div>\n\n\n\n<div class=\"wp-block-columns is-layout-flex wp-container-core-columns-is-layout-2 wp-block-columns-is-layout-flex\">\n<div class=\"wp-block-column is-layout-flow wp-block-column-is-layout-flow\">\n<figure class=\"wp-block-image size-large is-resized\"><a href=\"https:\/\/i0.wp.com\/www.clinicalatino.med.ec\/www\/wp-content\/uploads\/2024\/11\/1web.png?ssl=1\"><img loading=\"lazy\" decoding=\"async\" width=\"1024\" height=\"1024\" data-attachment-id=\"1645\" data-permalink=\"https:\/\/www.clinicalatino.med.ec\/www\/info-latino\/1web\/\" data-orig-file=\"https:\/\/i0.wp.com\/www.clinicalatino.med.ec\/www\/wp-content\/uploads\/2024\/11\/1web.png?fit=1200%2C1200&amp;ssl=1\" data-orig-size=\"1200,1200\" data-comments-opened=\"1\" data-image-meta=\"{&quot;aperture&quot;:&quot;0&quot;,&quot;credit&quot;:&quot;&quot;,&quot;camera&quot;:&quot;&quot;,&quot;caption&quot;:&quot;&quot;,&quot;created_timestamp&quot;:&quot;0&quot;,&quot;copyright&quot;:&quot;&quot;,&quot;focal_length&quot;:&quot;0&quot;,&quot;iso&quot;:&quot;0&quot;,&quot;shutter_speed&quot;:&quot;0&quot;,&quot;title&quot;:&quot;&quot;,&quot;orientation&quot;:&quot;0&quot;}\" data-image-title=\"1web\" data-image-description=\"\" data-image-caption=\"\" data-medium-file=\"https:\/\/i0.wp.com\/www.clinicalatino.med.ec\/www\/wp-content\/uploads\/2024\/11\/1web.png?fit=300%2C300&amp;ssl=1\" data-large-file=\"https:\/\/i0.wp.com\/www.clinicalatino.med.ec\/www\/wp-content\/uploads\/2024\/11\/1web.png?fit=1024%2C1024&amp;ssl=1\" tabindex=\"0\" role=\"button\" src=\"https:\/\/i0.wp.com\/www.clinicalatino.med.ec\/www\/wp-content\/uploads\/2024\/11\/1web.png?resize=1024%2C1024&#038;ssl=1\" alt=\"\" class=\"wp-image-1645\" style=\"width:254px;height:auto\" srcset=\"https:\/\/i0.wp.com\/www.clinicalatino.med.ec\/www\/wp-content\/uploads\/2024\/11\/1web.png?resize=1024%2C1024&amp;ssl=1 1024w, https:\/\/i0.wp.com\/www.clinicalatino.med.ec\/www\/wp-content\/uploads\/2024\/11\/1web.png?resize=300%2C300&amp;ssl=1 300w, https:\/\/i0.wp.com\/www.clinicalatino.med.ec\/www\/wp-content\/uploads\/2024\/11\/1web.png?resize=150%2C150&amp;ssl=1 150w, https:\/\/i0.wp.com\/www.clinicalatino.med.ec\/www\/wp-content\/uploads\/2024\/11\/1web.png?resize=768%2C768&amp;ssl=1 768w, https:\/\/i0.wp.com\/www.clinicalatino.med.ec\/www\/wp-content\/uploads\/2024\/11\/1web.png?resize=732%2C732&amp;ssl=1 732w, https:\/\/i0.wp.com\/www.clinicalatino.med.ec\/www\/wp-content\/uploads\/2024\/11\/1web.png?resize=1140%2C1140&amp;ssl=1 1140w, https:\/\/i0.wp.com\/www.clinicalatino.med.ec\/www\/wp-content\/uploads\/2024\/11\/1web.png?resize=130%2C130&amp;ssl=1 130w, https:\/\/i0.wp.com\/www.clinicalatino.med.ec\/www\/wp-content\/uploads\/2024\/11\/1web.png?w=1200&amp;ssl=1 1200w\" sizes=\"(max-width: 1024px) 100vw, 1024px\" data-recalc-dims=\"1\" \/><\/a><\/figure>\n<\/div>\n\n\n\n<div class=\"wp-block-column is-layout-flow wp-block-column-is-layout-flow\">\n<h2 class=\"wp-block-heading\"><a href=\"https:\/\/www.clinicalatino.med.ec\/www\/reflujo-gastroesofagico\/\" target=\"_blank\" rel=\"noreferrer noopener\">Reflujo Gastroesof\u00e1gico<\/a><\/h2>\n\n\n\n<p>Esa sensaci\u00f3n de ardor constante, el mal sabor en tu boca al despertar o la dificultad para tragar podr\u00edan estar afectando tu calidad de vida.&nbsp;<\/p>\n\n\n\n<p><a href=\"https:\/\/www.clinicalatino.med.ec\/www\/reflujo-gastroesofagico\/\" target=\"_blank\" rel=\"noreferrer noopener\">Conoce m\u00e1s.<\/a><\/p>\n<\/div>\n<\/div>\n\n\n\n<div class=\"wp-block-columns is-layout-flex wp-container-core-columns-is-layout-3 wp-block-columns-is-layout-flex\">\n<div class=\"wp-block-column is-layout-flow wp-block-column-is-layout-flow\">\n<figure class=\"wp-block-image size-large is-resized\"><a href=\"https:\/\/i0.wp.com\/www.clinicalatino.med.ec\/www\/wp-content\/uploads\/2024\/12\/1.jpg?ssl=1\"><img loading=\"lazy\" decoding=\"async\" width=\"1024\" height=\"1024\" data-attachment-id=\"1676\" data-permalink=\"https:\/\/www.clinicalatino.med.ec\/www\/info-latino\/attachment\/1\/\" data-orig-file=\"https:\/\/i0.wp.com\/www.clinicalatino.med.ec\/www\/wp-content\/uploads\/2024\/12\/1.jpg?fit=1200%2C1200&amp;ssl=1\" data-orig-size=\"1200,1200\" data-comments-opened=\"1\" data-image-meta=\"{&quot;aperture&quot;:&quot;0&quot;,&quot;credit&quot;:&quot;&quot;,&quot;camera&quot;:&quot;&quot;,&quot;caption&quot;:&quot;&quot;,&quot;created_timestamp&quot;:&quot;0&quot;,&quot;copyright&quot;:&quot;&quot;,&quot;focal_length&quot;:&quot;0&quot;,&quot;iso&quot;:&quot;0&quot;,&quot;shutter_speed&quot;:&quot;0&quot;,&quot;title&quot;:&quot;&quot;,&quot;orientation&quot;:&quot;0&quot;}\" data-image-title=\"1\" data-image-description=\"\" data-image-caption=\"\" data-medium-file=\"https:\/\/i0.wp.com\/www.clinicalatino.med.ec\/www\/wp-content\/uploads\/2024\/12\/1.jpg?fit=300%2C300&amp;ssl=1\" data-large-file=\"https:\/\/i0.wp.com\/www.clinicalatino.med.ec\/www\/wp-content\/uploads\/2024\/12\/1.jpg?fit=1024%2C1024&amp;ssl=1\" tabindex=\"0\" role=\"button\" src=\"https:\/\/i0.wp.com\/www.clinicalatino.med.ec\/www\/wp-content\/uploads\/2024\/12\/1.jpg?resize=1024%2C1024&#038;ssl=1\" alt=\"\" class=\"wp-image-1676\" style=\"width:253px;height:auto\" srcset=\"https:\/\/i0.wp.com\/www.clinicalatino.med.ec\/www\/wp-content\/uploads\/2024\/12\/1.jpg?resize=1024%2C1024&amp;ssl=1 1024w, https:\/\/i0.wp.com\/www.clinicalatino.med.ec\/www\/wp-content\/uploads\/2024\/12\/1.jpg?resize=300%2C300&amp;ssl=1 300w, https:\/\/i0.wp.com\/www.clinicalatino.med.ec\/www\/wp-content\/uploads\/2024\/12\/1.jpg?resize=150%2C150&amp;ssl=1 150w, https:\/\/i0.wp.com\/www.clinicalatino.med.ec\/www\/wp-content\/uploads\/2024\/12\/1.jpg?resize=768%2C768&amp;ssl=1 768w, https:\/\/i0.wp.com\/www.clinicalatino.med.ec\/www\/wp-content\/uploads\/2024\/12\/1.jpg?resize=732%2C732&amp;ssl=1 732w, https:\/\/i0.wp.com\/www.clinicalatino.med.ec\/www\/wp-content\/uploads\/2024\/12\/1.jpg?resize=1140%2C1140&amp;ssl=1 1140w, https:\/\/i0.wp.com\/www.clinicalatino.med.ec\/www\/wp-content\/uploads\/2024\/12\/1.jpg?resize=130%2C130&amp;ssl=1 130w, https:\/\/i0.wp.com\/www.clinicalatino.med.ec\/www\/wp-content\/uploads\/2024\/12\/1.jpg?w=1200&amp;ssl=1 1200w\" sizes=\"(max-width: 1024px) 100vw, 1024px\" data-recalc-dims=\"1\" \/><\/a><\/figure>\n<\/div>\n\n\n\n<div class=\"wp-block-column is-layout-flow wp-block-column-is-layout-flow\">\n<h2 class=\"wp-block-heading\"><a href=\"https:\/\/www.clinicalatino.med.ec\/www\/tomografia-de-ultima-generacion\/\" target=\"_blank\" rel=\"noreferrer noopener\">Tom\u00f3grafo 160 cortes + iA<\/a><\/h2>\n\n\n\n<p>Aqu\u00ed te explicamos algunos beneficios para tu salud de tener un tom\u00f3grafo con m\u00e1s cortes:<\/p>\n\n\n\n<p><a href=\"https:\/\/www.clinicalatino.med.ec\/www\/tomografia-de-ultima-generacion\/\" target=\"_blank\" rel=\"noreferrer noopener\">Conoce m\u00e1s.<\/a><\/p>\n<\/div>\n<\/div>\n","protected":false},"excerpt":{"rendered":"<p>Alimentos que mejoran tu salud. La fibra ayuda a mejorar la digesti\u00f3n, mantener niveles saludables de az\u00facar en sangre y controlar el apetito. Conoce m\u00e1s. Reflujo Gastroesof\u00e1gico Esa sensaci\u00f3n de ardor constante, el mal sabor en tu boca al despertar o la dificultad para tragar podr\u00edan estar afectando tu calidad de vida.&nbsp; Conoce m\u00e1s. Tom\u00f3grafo [&hellip;]<\/p>\n","protected":false},"author":6,"featured_media":0,"parent":0,"menu_order":0,"comment_status":"closed","ping_status":"closed","template":"","meta":{"jetpack_post_was_ever_published":false,"footnotes":""},"class_list":["post-1614","page","type-page","status-publish","hentry"],"jetpack_sharing_enabled":true,"jetpack_shortlink":"https:\/\/wp.me\/P8if3c-q2","jetpack-related-posts":[],"_links":{"self":[{"href":"https:\/\/www.clinicalatino.med.ec\/www\/wp-json\/wp\/v2\/pages\/1614"}],"collection":[{"href":"https:\/\/www.clinicalatino.med.ec\/www\/wp-json\/wp\/v2\/pages"}],"about":[{"href":"https:\/\/www.clinicalatino.med.ec\/www\/wp-json\/wp\/v2\/types\/page"}],"author":[{"embeddable":true,"href":"https:\/\/www.clinicalatino.med.ec\/www\/wp-json\/wp\/v2\/users\/6"}],"replies":[{"embeddable":true,"href":"https:\/\/www.clinicalatino.med.ec\/www\/wp-json\/wp\/v2\/comments?post=1614"}],"version-history":[{"count":8,"href":"https:\/\/www.clinicalatino.med.ec\/www\/wp-json\/wp\/v2\/pages\/1614\/revisions"}],"predecessor-version":[{"id":1687,"href":"https:\/\/www.clinicalatino.med.ec\/www\/wp-json\/wp\/v2\/pages\/1614\/revisions\/1687"}],"wp:attachment":[{"href":"https:\/\/www.clinicalatino.med.ec\/www\/wp-json\/wp\/v2\/media?parent=1614"}],"curies":[{"name":"wp","href":"https:\/\/api.w.org\/{rel}","templated":true}]}}