{"id":1679,"date":"2024-12-09T12:50:43","date_gmt":"2024-12-09T17:50:43","guid":{"rendered":"https:\/\/www.clinicalatino.med.ec\/www\/alimentos-saludables-2\/"},"modified":"2024-12-09T13:04:41","modified_gmt":"2024-12-09T18:04:41","slug":"tomografia-de-ultima-generacion","status":"publish","type":"page","link":"https:\/\/www.clinicalatino.med.ec\/www\/tomografia-de-ultima-generacion\/","title":{"rendered":"TOMOGRAF\u00cdA"},"content":{"rendered":"\n<div class=\"wp-block-columns is-layout-flex wp-container-core-columns-is-layout-1 wp-block-columns-is-layout-flex\">\n<div class=\"wp-block-column is-layout-flow wp-block-column-is-layout-flow\">\n<figure class=\"wp-block-image size-large\"><a href=\"https:\/\/i0.wp.com\/www.clinicalatino.med.ec\/www\/wp-content\/uploads\/2024\/12\/web.jpg?ssl=1\"><img loading=\"lazy\" decoding=\"async\" width=\"1024\" height=\"576\" data-attachment-id=\"1684\" data-permalink=\"https:\/\/www.clinicalatino.med.ec\/www\/tomografia-de-ultima-generacion\/web-3\/\" data-orig-file=\"https:\/\/i0.wp.com\/www.clinicalatino.med.ec\/www\/wp-content\/uploads\/2024\/12\/web.jpg?fit=1950%2C1096&amp;ssl=1\" data-orig-size=\"1950,1096\" data-comments-opened=\"1\" data-image-meta=\"{&quot;aperture&quot;:&quot;0&quot;,&quot;credit&quot;:&quot;&quot;,&quot;camera&quot;:&quot;&quot;,&quot;caption&quot;:&quot;&quot;,&quot;created_timestamp&quot;:&quot;0&quot;,&quot;copyright&quot;:&quot;&quot;,&quot;focal_length&quot;:&quot;0&quot;,&quot;iso&quot;:&quot;0&quot;,&quot;shutter_speed&quot;:&quot;0&quot;,&quot;title&quot;:&quot;&quot;,&quot;orientation&quot;:&quot;0&quot;}\" data-image-title=\"web\" data-image-description=\"\" data-image-caption=\"\" data-medium-file=\"https:\/\/i0.wp.com\/www.clinicalatino.med.ec\/www\/wp-content\/uploads\/2024\/12\/web.jpg?fit=300%2C169&amp;ssl=1\" data-large-file=\"https:\/\/i0.wp.com\/www.clinicalatino.med.ec\/www\/wp-content\/uploads\/2024\/12\/web.jpg?fit=1024%2C576&amp;ssl=1\" tabindex=\"0\" role=\"button\" src=\"https:\/\/i0.wp.com\/www.clinicalatino.med.ec\/www\/wp-content\/uploads\/2024\/12\/web.jpg?resize=1024%2C576&#038;ssl=1\" alt=\"\" class=\"wp-image-1684\" srcset=\"https:\/\/i0.wp.com\/www.clinicalatino.med.ec\/www\/wp-content\/uploads\/2024\/12\/web.jpg?resize=1024%2C576&amp;ssl=1 1024w, https:\/\/i0.wp.com\/www.clinicalatino.med.ec\/www\/wp-content\/uploads\/2024\/12\/web.jpg?resize=300%2C169&amp;ssl=1 300w, https:\/\/i0.wp.com\/www.clinicalatino.med.ec\/www\/wp-content\/uploads\/2024\/12\/web.jpg?resize=768%2C432&amp;ssl=1 768w, https:\/\/i0.wp.com\/www.clinicalatino.med.ec\/www\/wp-content\/uploads\/2024\/12\/web.jpg?resize=1536%2C863&amp;ssl=1 1536w, https:\/\/i0.wp.com\/www.clinicalatino.med.ec\/www\/wp-content\/uploads\/2024\/12\/web.jpg?resize=732%2C411&amp;ssl=1 732w, https:\/\/i0.wp.com\/www.clinicalatino.med.ec\/www\/wp-content\/uploads\/2024\/12\/web.jpg?resize=1140%2C641&amp;ssl=1 1140w, https:\/\/i0.wp.com\/www.clinicalatino.med.ec\/www\/wp-content\/uploads\/2024\/12\/web.jpg?w=1950&amp;ssl=1 1950w\" sizes=\"(max-width: 1024px) 100vw, 1024px\" data-recalc-dims=\"1\" \/><\/a><\/figure>\n<\/div>\n\n\n\n<div class=\"wp-block-column is-layout-flow wp-block-column-is-layout-flow\">\n<p>\ud835\udc14\ud835\udc27 \ud835\udc2d\ud835\udc28\ud835\udc26\ud835\udc28\u0301\ud835\udc20\ud835\udc2b\ud835\udc1a\ud835\udc1f\ud835\udc28 \ud835\udc1c\ud835\udc28\ud835\udc27 \ud835\udfcf\ud835\udfd4\ud835\udfce \ud835\udc1c\ud835\udc28\ud835\udc2b\ud835\udc2d\ud835\udc1e\ud835\udc2c + \ud835\udc22\ud835\udc00 \ud835\udc2d\ud835\udc22\ud835\udc1e\ud835\udc27\ud835\udc1e \ud835\udc2f\ud835\udc1a\ud835\udc2b\ud835\udc22\ud835\udc1a\ud835\udc2c \ud835\udc2f\ud835\udc1e\ud835\udc27\ud835\udc2d\ud835\udc1a\ud835\udc23\ud835\udc1a\ud835\udc2c \ud835\udc2c\ud835\udc22\ud835\udc20\ud835\udc27\ud835\udc22\ud835\udc1f\ud835\udc22\ud835\udc1c\ud835\udc1a\ud835\udc2d\ud835\udc22\ud835\udc2f\ud835\udc1a\ud835\udc2c sobre modelos con menos cortes, ya que puede ofrecer im\u00e1genes muy detalladas y precisas.<\/p>\n\n\n\n<p>Aqu\u00ed te explicamos algunos beneficios para tu salud de tener un tom\u00f3grafo con m\u00e1s cortes:<\/p>\n<\/div>\n<\/div>\n\n\n\n<p>\ud835\udc11\ud835\udc1e\ud835\udc1d\ud835\udc2e\ud835\udc1c\ud835\udc1c\ud835\udc22\ud835\udc28\u0301\ud835\udc27 \ud835\udc1d\ud835\udc1e\ud835\udc25 \ud835\udc2d\ud835\udc22\ud835\udc1e\ud835\udc26\ud835\udc29\ud835\udc28 \ud835\udc1d\ud835\udc1e \ud835\udc1e\ud835\udc31\ud835\udc29\ud835\udc25\ud835\udc28\ud835\udc2b\ud835\udc1a\ud835\udc1c\ud835\udc22\ud835\udc28\u0301\ud835\udc27: Un tom\u00f3grafo con m\u00e1s cortes reduce el tiempo que el paciente debe permanecer en la m\u00e1quina, haciendo que el proceso sea m\u00e1s c\u00f3modo y eficiente. (Ideal para ni\u00f1os)<\/p>\n\n\n\n<p>\ud835\udc0c\ud835\udc1e\ud835\udc23\ud835\udc28\ud835\udc2b \ud835\udc1d\ud835\udc1e\ud835\udc2d\ud835\udc1e\ud835\udc1c\ud835\udc1c\ud835\udc22\ud835\udc28\u0301\ud835\udc27 \ud835\udc1d\ud835\udc1e \ud835\udc1e\ud835\udc27\ud835\udc1f\ud835\udc1e\ud835\udc2b\ud835\udc26\ud835\udc1e\ud835\udc1d\ud835\udc1a\ud835\udc1d\ud835\udc1e\ud835\udc2c: Podemos detectar patolog\u00edas m\u00e1s peque\u00f1as o tempranas que podr\u00edan pasar desapercibidas en tom\u00f3grafos con menos cortes.<\/p>\n\n\n\n<p>\ud835\udc02\ud835\udc1a\ud835\udc29\ud835\udc1a\ud835\udc1c\ud835\udc22\ud835\udc1d\ud835\udc1a\ud835\udc1d \ud835\udc29\ud835\udc1a\ud835\udc2b\ud835\udc1a \ud835\udc2b\ud835\udc1e\ud835\udc1a\ud835\udc25\ud835\udc22\ud835\udc33\ud835\udc1a\ud835\udc2b \ud835\udc1e\ud835\udc2c\ud835\udc2d\ud835\udc2e\ud835\udc1d\ud835\udc22\ud835\udc28\ud835\udc2c \ud835\udfd1\ud835\udc03: Esto es \u00fatil para planificar procedimientos quir\u00fargicos extremadamente complejos y para obtener una visi\u00f3n interna m\u00e1s clara del paciente.<\/p>\n\n\n\n<p>\ud835\udc0c\ud835\udc1e\ud835\udc23\ud835\udc28\ud835\udc2b\ud835\udc1a \ud835\udc1e\ud835\udc27 \ud835\udc1e\ud835\udc2c\ud835\udc2d\ud835\udc2e\ud835\udc1d\ud835\udc22\ud835\udc28\ud835\udc2c \ud835\udc1d\ud835\udc1e \ud835\udc1a\ud835\udc27\ud835\udc20\ud835\udc22\ud835\udc28\ud835\udc2d\ud835\udc28\ud835\udc26\ud835\udc28\ud835\udc20\ud835\udc2b\ud835\udc1a\ud835\udc1f\ud835\udc22\u0301\ud835\udc1a: Al tener m\u00e1s cortes, nuestro tom\u00f3grafo es m\u00e1s efectivo en estudios vasculares y neurol\u00f3gicos, permitiendo una evaluaci\u00f3n m\u00e1s precisa de arterias y venas.<\/p>\n\n\n\n<p>Tu salud y la de tu familia est\u00e1 primero y con nuestra tecnolog\u00eda estamos listos enfrentar cualquier tipo de adversidad.<\/p>\n\n\n\n<p>\u00bfNecesitas mas informaci\u00f3n? Puedes contactarnos al 0999641778<\/p>\n\n\n\n<div class=\"wp-block-columns is-layout-flex wp-container-core-columns-is-layout-2 wp-block-columns-is-layout-flex\">\n<div class=\"wp-block-column is-layout-flow wp-block-column-is-layout-flow\">\n<figure class=\"wp-block-image size-large\"><a href=\"https:\/\/i0.wp.com\/www.clinicalatino.med.ec\/www\/wp-content\/uploads\/2024\/12\/2.jpg?ssl=1\"><img loading=\"lazy\" decoding=\"async\" width=\"1024\" height=\"1024\" data-attachment-id=\"1688\" data-permalink=\"https:\/\/www.clinicalatino.med.ec\/www\/tomografia-de-ultima-generacion\/attachment\/2\/\" data-orig-file=\"https:\/\/i0.wp.com\/www.clinicalatino.med.ec\/www\/wp-content\/uploads\/2024\/12\/2.jpg?fit=1200%2C1200&amp;ssl=1\" data-orig-size=\"1200,1200\" data-comments-opened=\"1\" data-image-meta=\"{&quot;aperture&quot;:&quot;0&quot;,&quot;credit&quot;:&quot;&quot;,&quot;camera&quot;:&quot;&quot;,&quot;caption&quot;:&quot;&quot;,&quot;created_timestamp&quot;:&quot;0&quot;,&quot;copyright&quot;:&quot;&quot;,&quot;focal_length&quot;:&quot;0&quot;,&quot;iso&quot;:&quot;0&quot;,&quot;shutter_speed&quot;:&quot;0&quot;,&quot;title&quot;:&quot;&quot;,&quot;orientation&quot;:&quot;0&quot;}\" data-image-title=\"2\" data-image-description=\"\" data-image-caption=\"\" data-medium-file=\"https:\/\/i0.wp.com\/www.clinicalatino.med.ec\/www\/wp-content\/uploads\/2024\/12\/2.jpg?fit=300%2C300&amp;ssl=1\" data-large-file=\"https:\/\/i0.wp.com\/www.clinicalatino.med.ec\/www\/wp-content\/uploads\/2024\/12\/2.jpg?fit=1024%2C1024&amp;ssl=1\" tabindex=\"0\" role=\"button\" src=\"https:\/\/i0.wp.com\/www.clinicalatino.med.ec\/www\/wp-content\/uploads\/2024\/12\/2.jpg?resize=1024%2C1024&#038;ssl=1\" alt=\"\" class=\"wp-image-1688\" srcset=\"https:\/\/i0.wp.com\/www.clinicalatino.med.ec\/www\/wp-content\/uploads\/2024\/12\/2.jpg?resize=1024%2C1024&amp;ssl=1 1024w, https:\/\/i0.wp.com\/www.clinicalatino.med.ec\/www\/wp-content\/uploads\/2024\/12\/2.jpg?resize=300%2C300&amp;ssl=1 300w, https:\/\/i0.wp.com\/www.clinicalatino.med.ec\/www\/wp-content\/uploads\/2024\/12\/2.jpg?resize=150%2C150&amp;ssl=1 150w, https:\/\/i0.wp.com\/www.clinicalatino.med.ec\/www\/wp-content\/uploads\/2024\/12\/2.jpg?resize=768%2C768&amp;ssl=1 768w, https:\/\/i0.wp.com\/www.clinicalatino.med.ec\/www\/wp-content\/uploads\/2024\/12\/2.jpg?resize=732%2C732&amp;ssl=1 732w, https:\/\/i0.wp.com\/www.clinicalatino.med.ec\/www\/wp-content\/uploads\/2024\/12\/2.jpg?resize=1140%2C1140&amp;ssl=1 1140w, https:\/\/i0.wp.com\/www.clinicalatino.med.ec\/www\/wp-content\/uploads\/2024\/12\/2.jpg?resize=130%2C130&amp;ssl=1 130w, https:\/\/i0.wp.com\/www.clinicalatino.med.ec\/www\/wp-content\/uploads\/2024\/12\/2.jpg?w=1200&amp;ssl=1 1200w\" sizes=\"(max-width: 1024px) 100vw, 1024px\" data-recalc-dims=\"1\" \/><\/a><\/figure>\n<\/div>\n\n\n\n<div class=\"wp-block-column is-layout-flow wp-block-column-is-layout-flow\">\n<figure class=\"wp-block-image size-large\"><a href=\"https:\/\/i0.wp.com\/www.clinicalatino.med.ec\/www\/wp-content\/uploads\/2024\/12\/3.jpg?ssl=1\"><img loading=\"lazy\" decoding=\"async\" width=\"1024\" height=\"1024\" data-attachment-id=\"1690\" data-permalink=\"https:\/\/www.clinicalatino.med.ec\/www\/tomografia-de-ultima-generacion\/attachment\/3\/\" data-orig-file=\"https:\/\/i0.wp.com\/www.clinicalatino.med.ec\/www\/wp-content\/uploads\/2024\/12\/3.jpg?fit=1200%2C1200&amp;ssl=1\" data-orig-size=\"1200,1200\" data-comments-opened=\"1\" data-image-meta=\"{&quot;aperture&quot;:&quot;0&quot;,&quot;credit&quot;:&quot;&quot;,&quot;camera&quot;:&quot;&quot;,&quot;caption&quot;:&quot;&quot;,&quot;created_timestamp&quot;:&quot;0&quot;,&quot;copyright&quot;:&quot;&quot;,&quot;focal_length&quot;:&quot;0&quot;,&quot;iso&quot;:&quot;0&quot;,&quot;shutter_speed&quot;:&quot;0&quot;,&quot;title&quot;:&quot;&quot;,&quot;orientation&quot;:&quot;0&quot;}\" data-image-title=\"3\" data-image-description=\"\" data-image-caption=\"\" data-medium-file=\"https:\/\/i0.wp.com\/www.clinicalatino.med.ec\/www\/wp-content\/uploads\/2024\/12\/3.jpg?fit=300%2C300&amp;ssl=1\" data-large-file=\"https:\/\/i0.wp.com\/www.clinicalatino.med.ec\/www\/wp-content\/uploads\/2024\/12\/3.jpg?fit=1024%2C1024&amp;ssl=1\" tabindex=\"0\" role=\"button\" src=\"https:\/\/i0.wp.com\/www.clinicalatino.med.ec\/www\/wp-content\/uploads\/2024\/12\/3.jpg?resize=1024%2C1024&#038;ssl=1\" alt=\"\" class=\"wp-image-1690\" srcset=\"https:\/\/i0.wp.com\/www.clinicalatino.med.ec\/www\/wp-content\/uploads\/2024\/12\/3.jpg?resize=1024%2C1024&amp;ssl=1 1024w, https:\/\/i0.wp.com\/www.clinicalatino.med.ec\/www\/wp-content\/uploads\/2024\/12\/3.jpg?resize=300%2C300&amp;ssl=1 300w, https:\/\/i0.wp.com\/www.clinicalatino.med.ec\/www\/wp-content\/uploads\/2024\/12\/3.jpg?resize=150%2C150&amp;ssl=1 150w, https:\/\/i0.wp.com\/www.clinicalatino.med.ec\/www\/wp-content\/uploads\/2024\/12\/3.jpg?resize=768%2C768&amp;ssl=1 768w, https:\/\/i0.wp.com\/www.clinicalatino.med.ec\/www\/wp-content\/uploads\/2024\/12\/3.jpg?resize=732%2C732&amp;ssl=1 732w, https:\/\/i0.wp.com\/www.clinicalatino.med.ec\/www\/wp-content\/uploads\/2024\/12\/3.jpg?resize=1140%2C1140&amp;ssl=1 1140w, https:\/\/i0.wp.com\/www.clinicalatino.med.ec\/www\/wp-content\/uploads\/2024\/12\/3.jpg?resize=130%2C130&amp;ssl=1 130w, https:\/\/i0.wp.com\/www.clinicalatino.med.ec\/www\/wp-content\/uploads\/2024\/12\/3.jpg?w=1200&amp;ssl=1 1200w\" sizes=\"(max-width: 1024px) 100vw, 1024px\" data-recalc-dims=\"1\" \/><\/a><\/figure>\n<\/div>\n<\/div>\n","protected":false},"excerpt":{"rendered":"<p>\ud835\udc14\ud835\udc27 \ud835\udc2d\ud835\udc28\ud835\udc26\ud835\udc28\u0301\ud835\udc20\ud835\udc2b\ud835\udc1a\ud835\udc1f\ud835\udc28 \ud835\udc1c\ud835\udc28\ud835\udc27 \ud835\udfcf\ud835\udfd4\ud835\udfce \ud835\udc1c\ud835\udc28\ud835\udc2b\ud835\udc2d\ud835\udc1e\ud835\udc2c + \ud835\udc22\ud835\udc00 \ud835\udc2d\ud835\udc22\ud835\udc1e\ud835\udc27\ud835\udc1e \ud835\udc2f\ud835\udc1a\ud835\udc2b\ud835\udc22\ud835\udc1a\ud835\udc2c \ud835\udc2f\ud835\udc1e\ud835\udc27\ud835\udc2d\ud835\udc1a\ud835\udc23\ud835\udc1a\ud835\udc2c \ud835\udc2c\ud835\udc22\ud835\udc20\ud835\udc27\ud835\udc22\ud835\udc1f\ud835\udc22\ud835\udc1c\ud835\udc1a\ud835\udc2d\ud835\udc22\ud835\udc2f\ud835\udc1a\ud835\udc2c sobre modelos con menos cortes, ya que puede ofrecer im\u00e1genes muy detalladas y precisas. Aqu\u00ed te explicamos algunos beneficios para tu salud de tener un tom\u00f3grafo con m\u00e1s cortes: \ud835\udc11\ud835\udc1e\ud835\udc1d\ud835\udc2e\ud835\udc1c\ud835\udc1c\ud835\udc22\ud835\udc28\u0301\ud835\udc27 \ud835\udc1d\ud835\udc1e\ud835\udc25 \ud835\udc2d\ud835\udc22\ud835\udc1e\ud835\udc26\ud835\udc29\ud835\udc28 \ud835\udc1d\ud835\udc1e \ud835\udc1e\ud835\udc31\ud835\udc29\ud835\udc25\ud835\udc28\ud835\udc2b\ud835\udc1a\ud835\udc1c\ud835\udc22\ud835\udc28\u0301\ud835\udc27: Un tom\u00f3grafo con m\u00e1s cortes reduce el tiempo que el [&hellip;]<\/p>\n","protected":false},"author":6,"featured_media":0,"parent":0,"menu_order":0,"comment_status":"closed","ping_status":"closed","template":"","meta":{"jetpack_post_was_ever_published":false,"footnotes":""},"class_list":["post-1679","page","type-page","status-publish","hentry"],"jetpack_sharing_enabled":true,"jetpack_shortlink":"https:\/\/wp.me\/P8if3c-r5","jetpack-related-posts":[],"_links":{"self":[{"href":"https:\/\/www.clinicalatino.med.ec\/www\/wp-json\/wp\/v2\/pages\/1679"}],"collection":[{"href":"https:\/\/www.clinicalatino.med.ec\/www\/wp-json\/wp\/v2\/pages"}],"about":[{"href":"https:\/\/www.clinicalatino.med.ec\/www\/wp-json\/wp\/v2\/types\/page"}],"author":[{"embeddable":true,"href":"https:\/\/www.clinicalatino.med.ec\/www\/wp-json\/wp\/v2\/users\/6"}],"replies":[{"embeddable":true,"href":"https:\/\/www.clinicalatino.med.ec\/www\/wp-json\/wp\/v2\/comments?post=1679"}],"version-history":[{"count":3,"href":"https:\/\/www.clinicalatino.med.ec\/www\/wp-json\/wp\/v2\/pages\/1679\/revisions"}],"predecessor-version":[{"id":1691,"href":"https:\/\/www.clinicalatino.med.ec\/www\/wp-json\/wp\/v2\/pages\/1679\/revisions\/1691"}],"wp:attachment":[{"href":"https:\/\/www.clinicalatino.med.ec\/www\/wp-json\/wp\/v2\/media?parent=1679"}],"curies":[{"name":"wp","href":"https:\/\/api.w.org\/{rel}","templated":true}]}}